{"id":2033,"date":"2026-02-12T11:17:47","date_gmt":"2026-02-12T10:17:47","guid":{"rendered":"https:\/\/nanofaktur.com\/?page_id=2033"},"modified":"2026-03-27T13:59:24","modified_gmt":"2026-03-27T12:59:24","slug":"draft-anwendungen","status":"publish","type":"page","link":"https:\/\/nanofaktur.com\/en\/draft-anwendungen\/","title":{"rendered":"draft.Anwendungen"},"content":{"rendered":"\r\n<section class=\"header-slider header-video smaller-0\">\r\n            <div class=\"header-slider-wrap \">\r\n                            <div class=\"header-slider-content particles no-image\" \r\n                                    >\r\n\r\n                                            <canvas class=\"particle-canvas\"><\/canvas>\r\n                        <div class=\"particles-container\"><\/div>\r\n                    \r\n                    <div class=\"container\">\r\n                                                <div class=\"textcontent\"><h1>Anwendungen<\/h1>\n<p>Unsere Piezoantriebe liefern bis sub-nanometer feine Aufl\u00f6sungen. Au\u00dferdem k\u00f6nnen Piezo-Aktoren sehr schnell sein. Entsprechend liegen die Anwendungen unserer Produkte genau dort, wo entweder feinste Pr\u00e4zision oder hohe Dynamik ben\u00f6tigt werden.<\/p>\n<\/div>                    <\/div>\r\n                <\/div>\r\n                    <\/div>\r\n    \r\n    <\/section>\r\n\n\n\r\n\r\n<section class=\"tags\" style=\"--num-elements: 20;\">\r\n    <div class=\"container\">\r\n        <div class=\"row\">\r\n            <div class=\"col-12\">\r\n                <div class=\"tagcloud-wrapper\" style=\"--num-elements: 20;\">\r\n                    <ul class=\"tagcloud\">\r\n                                                        <li class=\"tagcloud-tag size-big\" style=\"--index: 1;\">\r\n                                                                            <span>Surface-Inspection<\/span>\r\n                                                                    <\/li>\r\n                                                        <li class=\"tagcloud-tag size-medium\" style=\"--index: 2;\">\r\n                                                                            <span>Optical Trapping<\/span>\r\n                                                                    <\/li>\r\n                                                        <li class=\"tagcloud-tag size-medium\" style=\"--index: 3;\">\r\n                                                                            <span>Disc-Drive-Test<\/span>\r\n                                                                    <\/li>\r\n                                                        <li class=\"tagcloud-tag size-xl\" style=\"--index: 4;\">\r\n                                                                            <span>Lithography<\/span>\r\n                                                                    <\/li>\r\n                                                        <li class=\"tagcloud-tag size-medium\" style=\"--index: 5;\">\r\n                                                                            <span>Nano-Indentation<\/span>\r\n                                                                    <\/li>\r\n                                                        <li class=\"tagcloud-tag size-medium\" style=\"--index: 6;\">\r\n                                                                            <span>Inspection-Systems<\/span>\r\n                                                                    <\/li>\r\n                                                        <li class=\"tagcloud-tag size-medium\" style=\"--index: 7;\">\r\n                                                                            <span>Pixel-Interpolation<\/span>\r\n                                                                    <\/li>\r\n                                                        <li class=\"tagcloud-tag size-medium\" style=\"--index: 8;\">\r\n                                                                            <span>Nano-Alignment<\/span>\r\n                                                                    <\/li>\r\n                                                        <li class=\"tagcloud-tag size-xl\" style=\"--index: 9;\">\r\n                                                                            <span>SEM<\/span>\r\n                                                                    <\/li>\r\n                                                        <li class=\"tagcloud-tag size-big\" style=\"--index: 10;\">\r\n                                                                            <span>Sample-Scanning<\/span>\r\n                                                                    <\/li>\r\n                                                        <li class=\"tagcloud-tag size-medium\" style=\"--index: 11;\">\r\n                                                                            <span>White-Light-Interferometers<\/span>\r\n                                                                    <\/li>\r\n                                                        <li class=\"tagcloud-tag size-xl\" style=\"--index: 12;\">\r\n                                                                            <span>Interferometry<\/span>\r\n                                                                    <\/li>\r\n                                                        <li class=\"tagcloud-tag size-medium\" style=\"--index: 13;\">\r\n                                                                            <span>Semi-Conductor<\/span>\r\n                                                                    <\/li>\r\n                                                        <li class=\"tagcloud-tag size-medium\" style=\"--index: 14;\">\r\n                                                                            <span>Dispensing<\/span>\r\n                                                                    <\/li>\r\n                                                        <li class=\"tagcloud-tag size-big\" style=\"--index: 15;\">\r\n                                                                            <span>Wafer-Stages<\/span>\r\n                                                                    <\/li>\r\n                                                        <li class=\"tagcloud-tag size-medium\" style=\"--index: 16;\">\r\n                                                                            <span>Dithering<\/span>\r\n                                                                    <\/li>\r\n                                                        <li class=\"tagcloud-tag size-big\" style=\"--index: 17;\">\r\n                                                                            <span>Beam-Steering<\/span>\r\n                                                                    <\/li>\r\n                                                        <li class=\"tagcloud-tag size-xl\" style=\"--index: 18;\">\r\n                                                                            <span>AFM<\/span>\r\n                                                                    <\/li>\r\n                                                        <li class=\"tagcloud-tag size-medium\" style=\"--index: 19;\">\r\n                                                                            <span>Z-Stacking<\/span>\r\n                                                                    <\/li>\r\n                                                        <li class=\"tagcloud-tag size-big\" style=\"--index: 20;\">\r\n                                                                            <span>Autofocus<\/span>\r\n                                                                    <\/li>\r\n                                            <\/ul>\r\n                <\/div>\r\n            <\/div>\r\n        <\/div>\r\n    <\/div>\r\n<\/section>\r\n\n\n\n<figure class=\"wp-block-gallery has-nested-images columns-default is-cropped images-box wp-block-gallery-1 is-layout-flex wp-block-gallery-is-layout-flex\">\n<figure class=\"wp-block-image size-full\"><img loading=\"lazy\" decoding=\"async\" width=\"612\" height=\"458\" data-id=\"1412\" src=\"https:\/\/nanofaktur.com\/wp-content\/uploads\/2025\/08\/istockphoto-147060788-612x612-1.webp\" alt=\"\" class=\"wp-image-1412\" srcset=\"https:\/\/nanofaktur.com\/wp-content\/uploads\/2025\/08\/istockphoto-147060788-612x612-1.webp 612w, https:\/\/nanofaktur.com\/wp-content\/uploads\/2025\/08\/istockphoto-147060788-612x612-1-250x187.webp 250w, https:\/\/nanofaktur.com\/wp-content\/uploads\/2025\/08\/istockphoto-147060788-612x612-1-500x374.webp 500w, https:\/\/nanofaktur.com\/wp-content\/uploads\/2025\/08\/istockphoto-147060788-612x612-1-300x225.webp 300w\" sizes=\"auto, (max-width: 612px) 100vw, 612px\" \/><\/figure>\n\n\n\n<figure class=\"wp-block-image size-full\"><img loading=\"lazy\" decoding=\"async\" width=\"612\" height=\"401\" data-id=\"1414\" src=\"https:\/\/nanofaktur.com\/wp-content\/uploads\/2025\/08\/istockphoto-1149432600-612x612-1.webp\" alt=\"\" class=\"wp-image-1414\" srcset=\"https:\/\/nanofaktur.com\/wp-content\/uploads\/2025\/08\/istockphoto-1149432600-612x612-1.webp 612w, https:\/\/nanofaktur.com\/wp-content\/uploads\/2025\/08\/istockphoto-1149432600-612x612-1-250x164.webp 250w, https:\/\/nanofaktur.com\/wp-content\/uploads\/2025\/08\/istockphoto-1149432600-612x612-1-500x328.webp 500w, https:\/\/nanofaktur.com\/wp-content\/uploads\/2025\/08\/istockphoto-1149432600-612x612-1-300x197.webp 300w\" sizes=\"auto, (max-width: 612px) 100vw, 612px\" \/><\/figure>\n\n\n\n<figure class=\"wp-block-image size-full is-style-default\"><img loading=\"lazy\" decoding=\"async\" width=\"2560\" height=\"1707\" data-id=\"1569\" src=\"https:\/\/nanofaktur.com\/wp-content\/uploads\/2025\/10\/iStock-1366357918-scaled.jpg\" alt=\"\" class=\"wp-image-1569\" srcset=\"https:\/\/nanofaktur.com\/wp-content\/uploads\/2025\/10\/iStock-1366357918-scaled.jpg 2560w, https:\/\/nanofaktur.com\/wp-content\/uploads\/2025\/10\/iStock-1366357918-2048x1365.jpg 2048w, https:\/\/nanofaktur.com\/wp-content\/uploads\/2025\/10\/iStock-1366357918-1920x1280.jpg 1920w, https:\/\/nanofaktur.com\/wp-content\/uploads\/2025\/10\/iStock-1366357918-250x167.jpg 250w, https:\/\/nanofaktur.com\/wp-content\/uploads\/2025\/10\/iStock-1366357918-500x333.jpg 500w, https:\/\/nanofaktur.com\/wp-content\/uploads\/2025\/10\/iStock-1366357918-1800x1200.jpg 1800w, https:\/\/nanofaktur.com\/wp-content\/uploads\/2025\/10\/iStock-1366357918-300x200.jpg 300w, https:\/\/nanofaktur.com\/wp-content\/uploads\/2025\/10\/iStock-1366357918-768x512.jpg 768w, https:\/\/nanofaktur.com\/wp-content\/uploads\/2025\/10\/iStock-1366357918-1024x683.jpg 1024w, https:\/\/nanofaktur.com\/wp-content\/uploads\/2025\/10\/iStock-1366357918-1536x1024.jpg 1536w\" sizes=\"auto, (max-width: 2560px) 100vw, 2560px\" \/><\/figure>\n\n\n\n<figure class=\"wp-block-image size-full\"><img loading=\"lazy\" decoding=\"async\" width=\"612\" height=\"408\" data-id=\"1418\" src=\"https:\/\/nanofaktur.com\/wp-content\/uploads\/2025\/08\/istockphoto-1325037614-612x612-1.webp\" alt=\"\" class=\"wp-image-1418\" srcset=\"https:\/\/nanofaktur.com\/wp-content\/uploads\/2025\/08\/istockphoto-1325037614-612x612-1.webp 612w, https:\/\/nanofaktur.com\/wp-content\/uploads\/2025\/08\/istockphoto-1325037614-612x612-1-250x167.webp 250w, https:\/\/nanofaktur.com\/wp-content\/uploads\/2025\/08\/istockphoto-1325037614-612x612-1-500x333.webp 500w, https:\/\/nanofaktur.com\/wp-content\/uploads\/2025\/08\/istockphoto-1325037614-612x612-1-300x200.webp 300w\" sizes=\"auto, (max-width: 612px) 100vw, 612px\" \/><\/figure>\n\n\n\n<figure class=\"wp-block-image size-full\"><img loading=\"lazy\" decoding=\"async\" width=\"612\" height=\"344\" data-id=\"1420\" src=\"https:\/\/nanofaktur.com\/wp-content\/uploads\/2025\/08\/istockphoto-2148124381-612x612-1.webp\" alt=\"\" class=\"wp-image-1420\" srcset=\"https:\/\/nanofaktur.com\/wp-content\/uploads\/2025\/08\/istockphoto-2148124381-612x612-1.webp 612w, https:\/\/nanofaktur.com\/wp-content\/uploads\/2025\/08\/istockphoto-2148124381-612x612-1-250x141.webp 250w, https:\/\/nanofaktur.com\/wp-content\/uploads\/2025\/08\/istockphoto-2148124381-612x612-1-500x281.webp 500w, https:\/\/nanofaktur.com\/wp-content\/uploads\/2025\/08\/istockphoto-2148124381-612x612-1-300x169.webp 300w\" sizes=\"auto, (max-width: 612px) 100vw, 612px\" \/><\/figure>\n<\/figure>\n\n\n\n<div style=\"height:100px\" aria-hidden=\"true\" class=\"wp-block-spacer\"><\/div>\n\n\n\r\n\r\n<section class=\"content-slider onesided-fullwidth image-position-right image-width-narrow\">\r\n  <div class=\"content-slider-wrap\">\r\n          <div class=\"content-slide\">\r\n        <div class=\"row\">\r\n          <div class=\"text-col col-12 col-lg-8\">\r\n            <div class=\"onesided-fullwidth-content textcontent\">\r\n              <h2>Wei\u00dflicht-Interferometrie:<\/h2>\n<p>Piezosysteme eignen sich besonders gut f\u00fcr die WLI, denn sie<br \/>\n&#8211; bieten erforderliche absolute Positioniergenauigkeit im Nanometerbereich<br \/>\n&#8211; bieten eine sehr kompakte Bauweise<br \/>\n&#8211; nutzen wartungsfreie Antriebstechnik<\/p>\n<p>Empfohlene Produkte: <strong>L1C-D00300, SFC-D20400, EBC-060310<\/strong><\/p>\n            <\/div>\r\n          <\/div>\r\n          <div class=\"img-col col-12 col-lg-4\">\r\n            <img width=\"612\" height=\"401\" src=\"https:\/\/nanofaktur.com\/wp-content\/uploads\/2025\/08\/istockphoto-1149432600-612x612-1.webp\" class=\"slider-image\" alt=\"\" loading=\"lazy\" decoding=\"async\" sizes=\"auto, (min-width: 992px) 33vw, 100vw\" srcset=\"https:\/\/nanofaktur.com\/wp-content\/uploads\/2025\/08\/istockphoto-1149432600-612x612-1.webp 612w, https:\/\/nanofaktur.com\/wp-content\/uploads\/2025\/08\/istockphoto-1149432600-612x612-1-300x197.webp 300w\" \/>          <\/div>\r\n        <\/div>\r\n      <\/div>\r\n          <div class=\"content-slide\">\r\n        <div class=\"row\">\r\n          <div class=\"text-col col-12 col-lg-8\">\r\n            <div class=\"onesided-fullwidth-content textcontent\">\r\n              <h2><strong>Wafer-Inspektion und Hybrid Bonding<\/strong><\/h2>\n<p>In der Halbleiterindustrie sind <strong>absolute Positioniergenauigkeiten <\/strong>und hohe Positionsstabilit\u00e4ten<strong> im Nanometer-Bereich <\/strong>entscheidend.<\/p>\n<p>Von der maskenlosen Lithographie (<strong>Direct Imaging<\/strong>) \u00fcber <strong>Wafer Inspektion<\/strong> und <strong>Metrologie-Anwendungen<\/strong> bis hin zu <strong>Advanced Packaging<\/strong> &#8211; Methoden wie Hybrid Bonding; Prozesse wie Wafer2Wafer oder Wafer2Die Bonding erfordern exakte Ausrichtung des Wafers und Einstellung der optischen Fokussierung \u00fcber mehrere Minuten.<\/p>\n<p>Unsere <strong>Piezo-Nanopositioniersysteme<\/strong> gew\u00e4hrleisten die absolutgenaue Positionierung der Wafer und der Prozessoptik und im Gegensatz zu elektromagnetischen Antriebstechniken <strong>ohne Einbringen thermischer Drifts<\/strong>. Jeder Prozessschritt l\u00e4uft somit <strong>zuverl\u00e4ssig und reproduzierbar<\/strong> ab &#8211; mit Aufl\u00f6sungen im Sub-Nanometer-Bereich.<\/p>\n<p>&nbsp;<\/p>\n<p>Empfohlene Produkte: <strong>L3x-D10300-XY300Z100<\/strong> und <strong>SFC-D20400<\/strong><\/p>\n            <\/div>\r\n          <\/div>\r\n          <div class=\"img-col col-12 col-lg-4\">\r\n            <img width=\"612\" height=\"408\" src=\"https:\/\/nanofaktur.com\/wp-content\/uploads\/2025\/08\/istockphoto-1325037614-612x612-1.webp\" class=\"slider-image\" alt=\"\" loading=\"lazy\" decoding=\"async\" sizes=\"auto, (min-width: 992px) 33vw, 100vw\" srcset=\"https:\/\/nanofaktur.com\/wp-content\/uploads\/2025\/08\/istockphoto-1325037614-612x612-1.webp 612w, https:\/\/nanofaktur.com\/wp-content\/uploads\/2025\/08\/istockphoto-1325037614-612x612-1-300x200.webp 300w\" \/>          <\/div>\r\n        <\/div>\r\n      <\/div>\r\n          <div class=\"content-slide\">\r\n        <div class=\"row\">\r\n          <div class=\"text-col col-12 col-lg-8\">\r\n            <div class=\"onesided-fullwidth-content textcontent\">\r\n              <h2><strong>Krebsdiagnostik und Zellanalyse\u00a0<\/strong><\/h2>\n<p>In der Krebsdiagnostik, Zellanalyse und <strong>Genomsequenzierung <\/strong>erfordern spektroskopische Verfahren sehr <strong>pr\u00e4zise <\/strong>Positionierung im Submikrometerbereich.<\/p>\n<p>Unsere kompakten Piezo-Nanopositioniersysteme bieten <strong>schnelle, stabile<\/strong> Bewegungen bei <strong>minimalem Platzbedarf<\/strong>. Dadurch werden Messungen zuverl\u00e4ssiger, der <strong>Durchsatz steigt<\/strong> und Laborprozesse laufen effizienter ab.<\/p>\n<p><strong>\u00a0<\/strong><\/p>\n<p><strong>Vorteile:<\/strong><\/p>\n<ul>\n<li>Schnellere Analysen und h\u00f6here Probenkapazit\u00e4t<\/li>\n<li>Pr\u00e4zisere Ergebnisse f\u00fcr zuverl\u00e4ssig interpretierbare Daten<\/li>\n<li>Platzsparende Integration in bestehende und zuk\u00fcnftige Laborger\u00e4te<\/li>\n<\/ul>\n<p>&nbsp;<\/p>\n<p><strong>Empfohlene Produkte:<\/strong> <strong>SFC-D20400, SFS-D10100<\/strong><\/p>\n            <\/div>\r\n          <\/div>\r\n          <div class=\"img-col col-12 col-lg-4\">\r\n            <img width=\"612\" height=\"344\" src=\"https:\/\/nanofaktur.com\/wp-content\/uploads\/2025\/08\/istockphoto-2148124381-612x612-1.webp\" class=\"slider-image\" alt=\"\" loading=\"lazy\" decoding=\"async\" sizes=\"auto, (min-width: 992px) 33vw, 100vw\" srcset=\"https:\/\/nanofaktur.com\/wp-content\/uploads\/2025\/08\/istockphoto-2148124381-612x612-1.webp 612w, https:\/\/nanofaktur.com\/wp-content\/uploads\/2025\/08\/istockphoto-2148124381-612x612-1-300x169.webp 300w\" \/>          <\/div>\r\n        <\/div>\r\n      <\/div>\r\n          <div class=\"content-slide\">\r\n        <div class=\"row\">\r\n          <div class=\"text-col col-12 col-lg-8\">\r\n            <div class=\"onesided-fullwidth-content textcontent\">\r\n              <h2><strong>Elektro-optisches Wafer-Probing in der Fertigung von PICs und Silicon Photonics<\/strong><\/h2>\n<p>In der Fertigung von <strong>Photonisch Integrierten Schaltungen (PICs)<\/strong> und siliziumphotonischen Komponenten bestimmt die <strong>Ausrichtungszeit <\/strong>beim Testen der optischen Ein- und Ausg\u00e4nge ma\u00dfgeblich die Effizienz und Kosten.<\/p>\n<p>Unsere piezobasierten Positioniersysteme von NanoFaktur erm\u00f6glichen Nanometeraufl\u00f6sung, hohe Dynamik und spielfreie Bewegung. Damit lassen sich optische Fasern, Wellenleiter und Chips deutlich <strong>schneller und pr\u00e4ziser<\/strong> ausrichten als mit konventionellen Antrieben.<\/p>\n<p>In Kombination mit autonomen <strong>Ausrichtungsalgorithmen<\/strong> steigern die Systeme den <strong>Durchsatz<\/strong>, verbessern die Wiederholgenauigkeit und erm\u00f6glichen eine hochautomatisierte Produktion. Besonders bei der parallelen Array-Ausrichtung sichern unsere Piezo-L\u00f6sungen <strong>Skalierbarkeit, h\u00f6here Ausbeute und geringere St\u00fcckkosten<\/strong> \u2013 zentrale Voraussetzungen f\u00fcr die wirtschaftliche Massenfertigung siliziumphotonischer Bauteile und PICs.<\/p>\n<p>&nbsp;<\/p>\n<p><strong>Vorteile:<\/strong><\/p>\n<ul>\n<li>Nanometergenaue verschlei\u00dffreie Positionierung von Fasern, Wellenleitern und Chips<\/li>\n<li>Dynamische Scan-Bewegungen und intelligente Algorithmen f\u00fcr minimale Ausrichtungszeiten und gesteigerten Durchsatz<\/li>\n<li>Optimale Integration in Test- und Fertigungs-Setups<\/li>\n<\/ul>\n<p>Empfohlene Produkte<strong>:<\/strong> <strong>C3S-D00100; C3S-D00600<\/strong><\/p>\n            <\/div>\r\n          <\/div>\r\n          <div class=\"img-col col-12 col-lg-4\">\r\n            <img width=\"612\" height=\"407\" src=\"https:\/\/nanofaktur.com\/wp-content\/uploads\/2026\/02\/iStock-1318866678.lowres.jpg\" class=\"slider-image\" alt=\"\" loading=\"lazy\" decoding=\"async\" sizes=\"auto, (min-width: 992px) 33vw, 100vw\" srcset=\"https:\/\/nanofaktur.com\/wp-content\/uploads\/2026\/02\/iStock-1318866678.lowres.jpg 612w, https:\/\/nanofaktur.com\/wp-content\/uploads\/2026\/02\/iStock-1318866678.lowres-300x200.jpg 300w, https:\/\/nanofaktur.com\/wp-content\/uploads\/2026\/02\/iStock-1318866678.lowres-250x166.jpg 250w, https:\/\/nanofaktur.com\/wp-content\/uploads\/2026\/02\/iStock-1318866678.lowres-500x333.jpg 500w\" \/>          <\/div>\r\n        <\/div>\r\n      <\/div>\r\n          <div class=\"content-slide\">\r\n        <div class=\"row\">\r\n          <div class=\"text-col col-12 col-lg-8\">\r\n            <div class=\"onesided-fullwidth-content textcontent\">\r\n              <h2><strong>Hochaufl\u00f6sende Mikroskopie\u00a0<\/strong><\/h2>\n<p>In der hochaufl\u00f6senden Mikroskopie werden h\u00e4ufig schnelle <strong>Z-Stacks<\/strong> aufgenommen, also hunderte Bilder einer Probe in unterschiedlichen Z-Ebenen. Diese erm\u00f6glichen die <strong>Erstellung von 3D-Modellen<\/strong> von Zellkulturen, Enzymen, DNA oder anderen biologischen Proben.<\/p>\n<p>Unsere <strong>Piezopositioniersysteme <\/strong>bieten <strong>pr\u00e4zise Nanometer-genaue Positionierung<\/strong> und hohe Wiederholgenauigkeit. Sie erm\u00f6glichen die Bewegung der Probe oder des Objektivs, um den Fokus des Mikropobjektivs exakt zu steuern.<\/p>\n<p>Dank schneller Trigger-Eing\u00e4nge lassen sich Kamerasysteme optimal synchronisieren. Dies ist besonders relevant f\u00fcr <strong>konfokale 3D\u2011Fluoreszenz\u2011Bildgebung, Superaufl\u00f6sungs-Mikroskopie (STED, PALM, SIM)<\/strong> oder <strong>Live-Cell Imaging<\/strong> mit hoher zeitlicher und r\u00e4umlicher Aufl\u00f6sung.<\/p>\n<p><strong>Vorteile:<\/strong><\/p>\n<ul>\n<li>Nanometergenaue Z-Verstellung<\/li>\n<li>Stabile Positionierung \u00fcber Minuten<\/li>\n<li>Flexible Bewegung von Probe oder Objektiv<\/li>\n<li>Optimale Integration in Mikroskopie-Setups (kundenspezifische Designs)<\/li>\n<\/ul>\n<p>Empfohlene Produkte: <strong>SFC-D20400, SPS-D00600, EBx-060310<\/strong><\/p>\n            <\/div>\r\n          <\/div>\r\n          <div class=\"img-col col-12 col-lg-4\">\r\n            <img width=\"612\" height=\"401\" src=\"https:\/\/nanofaktur.com\/wp-content\/uploads\/2025\/08\/istockphoto-1149432600-612x612-1.webp\" class=\"slider-image\" alt=\"\" loading=\"lazy\" decoding=\"async\" sizes=\"auto, (min-width: 992px) 33vw, 100vw\" srcset=\"https:\/\/nanofaktur.com\/wp-content\/uploads\/2025\/08\/istockphoto-1149432600-612x612-1.webp 612w, https:\/\/nanofaktur.com\/wp-content\/uploads\/2025\/08\/istockphoto-1149432600-612x612-1-300x197.webp 300w\" \/>          <\/div>\r\n        <\/div>\r\n      <\/div>\r\n      <\/div>\r\n<\/section>\r\n","protected":false},"excerpt":{"rendered":"","protected":false},"author":2,"featured_media":0,"parent":0,"menu_order":0,"comment_status":"closed","ping_status":"closed","template":"","meta":{"_acf_changed":false,"footnotes":""},"class_list":["post-2033","page","type-page","status-publish","hentry"],"acf":[],"_links":{"self":[{"href":"https:\/\/nanofaktur.com\/en\/wp-json\/wp\/v2\/pages\/2033","targetHints":{"allow":["GET"]}}],"collection":[{"href":"https:\/\/nanofaktur.com\/en\/wp-json\/wp\/v2\/pages"}],"about":[{"href":"https:\/\/nanofaktur.com\/en\/wp-json\/wp\/v2\/types\/page"}],"author":[{"embeddable":true,"href":"https:\/\/nanofaktur.com\/en\/wp-json\/wp\/v2\/users\/2"}],"replies":[{"embeddable":true,"href":"https:\/\/nanofaktur.com\/en\/wp-json\/wp\/v2\/comments?post=2033"}],"version-history":[{"count":27,"href":"https:\/\/nanofaktur.com\/en\/wp-json\/wp\/v2\/pages\/2033\/revisions"}],"predecessor-version":[{"id":2192,"href":"https:\/\/nanofaktur.com\/en\/wp-json\/wp\/v2\/pages\/2033\/revisions\/2192"}],"wp:attachment":[{"href":"https:\/\/nanofaktur.com\/en\/wp-json\/wp\/v2\/media?parent=2033"}],"curies":[{"name":"wp","href":"https:\/\/api.w.org\/{rel}","templated":true}]}}